{"id":18,"date":"2024-08-18T18:22:36","date_gmt":"2024-08-18T18:22:36","guid":{"rendered":"https:\/\/femstjerners.no\/website_c6139ab7\/?page_id=18"},"modified":"2024-08-23T16:19:46","modified_gmt":"2024-08-23T16:19:46","slug":"kontakt","status":"publish","type":"page","link":"https:\/\/femstjerners.no\/website_c6139ab7\/kontakt\/","title":{"rendered":"Kontakt"},"content":{"rendered":"<p>[et_pb_section fb_built=&#8221;1&#8243; _builder_version=&#8221;4.27.0&#8243; _module_preset=&#8221;default&#8221; global_colors_info=&#8221;{}&#8221;][et_pb_row column_structure=&#8221;1_3,1_3,1_3&#8243; _builder_version=&#8221;4.27.0&#8243; _module_preset=&#8221;default&#8221; background_color=&#8221;#fcfcfc&#8221; global_colors_info=&#8221;{}&#8221;][et_pb_column type=&#8221;1_3&#8243; _builder_version=&#8221;4.27.0&#8243; _module_preset=&#8221;default&#8221; global_colors_info=&#8221;{}&#8221;][et_pb_image src=&#8221;https:\/\/femstjerners.no\/website_c6139ab7\/wp-content\/uploads\/2024\/08\/godkjent-av-renholdsbedrift.jpeg&#8221; title_text=&#8221;godkjent-av-renholdsbedrift&#8221; align=&#8221;center&#8221; align_tablet=&#8221;center&#8221; align_phone=&#8221;center&#8221; align_last_edited=&#8221;on|phone&#8221; _builder_version=&#8221;4.27.0&#8243; _module_preset=&#8221;default&#8221; global_colors_info=&#8221;{}&#8221;][\/et_pb_image][\/et_pb_column][et_pb_column type=&#8221;1_3&#8243; _builder_version=&#8221;4.27.0&#8243; _module_preset=&#8221;default&#8221; global_colors_info=&#8221;{}&#8221;][et_pb_text content_tablet=&#8221;<\/p>\n<h2 style=%22text-align: center;%22>TELEFON: 940 777 88<\/h2>\n<h4>Epost: kundeservice@femstjerners.no<\/h4>\n<p>&#8221; content_phone=&#8221;<\/p>\n<h2 style=%22text-align: center;%22>TELEFON: 940 777 88<\/h2>\n<h4>Epost: kundeservice@femstjerners.no<\/h4>\n<p>&#8221; content_last_edited=&#8221;on|phone&#8221; _builder_version=&#8221;4.27.0&#8243; _module_preset=&#8221;default&#8221; header_2_text_align=&#8221;center&#8221; header_2_text_color=&#8221;#000000&#8243; header_4_text_align=&#8221;center&#8221; header_4_font_size=&#8221;22px&#8221; width=&#8221;100%&#8221; module_alignment=&#8221;center&#8221; custom_margin=&#8221;|||-24px|false|false&#8221; custom_padding=&#8221;|0px||0px|false|false&#8221; header_4_font_size_tablet=&#8221;22px&#8221; header_4_font_size_phone=&#8221;22px&#8221; header_4_font_size_last_edited=&#8221;on|phone&#8221; global_colors_info=&#8221;{%22gcid-primary-color%22:%91%22link_text_color%22,%22link_text_color%22,%22link_text_color%22,%22link_text_color%22%93,%22gcid-heading-color%22:%91%22header_text_color%22,%22header_4_text_color%22,%22header_3_text_color%22,%22header_5_text_color%22,%22header_6_text_color%22,%22quote_text_color%22,%22header_text_color%22,%22header_4_text_color%22,%22header_3_text_color%22,%22header_5_text_color%22,%22header_6_text_color%22,%22quote_text_color%22,%22header_text_color%22,%22header_4_text_color%22,%22header_3_text_color%22,%22header_5_text_color%22,%22header_6_text_color%22,%22quote_text_color%22,%22header_text_color%22,%22header_4_text_color%22,%22header_3_text_color%22,%22header_5_text_color%22,%22header_6_text_color%22,%22quote_text_color%22%93,%22gcid-body-color%22:%91%22text_text_color%22,%22text_text_color%22,%22text_text_color%22,%22text_text_color%22%93,%22gcid-secondary-color%22:%91%22quote_border_color%22,%22quote_border_color%22,%22quote_border_color%22,%22quote_border_color%22%93}&#8221;]<\/p>\n<h2 style=\"text-align: center;\">TELEFON: 940 777 88<\/h2>\n<h4>Epost: kundeservice@femstjerners.no<\/h4>\n<p>[\/et_pb_text][\/et_pb_column][et_pb_column type=&#8221;1_3&#8243; _builder_version=&#8221;4.27.0&#8243; _module_preset=&#8221;default&#8221; global_colors_info=&#8221;{}&#8221;][et_pb_image src=&#8221;https:\/\/femstjerners.no\/website_c6139ab7\/wp-content\/uploads\/2024\/08\/top-rated-copy.png&#8221; title_text=&#8221;top rated copy&#8221; align=&#8221;center&#8221; _builder_version=&#8221;4.27.0&#8243; _module_preset=&#8221;default&#8221; global_colors_info=&#8221;{}&#8221;][\/et_pb_image][\/et_pb_column][\/et_pb_row][\/et_pb_section][et_pb_section fb_built=&#8221;1&#8243; theme_builder_area=&#8221;post_content&#8221; _builder_version=&#8221;4.27.0&#8243; _module_preset=&#8221;default&#8221; custom_margin=&#8221;0px||0px||false|false&#8221; custom_padding=&#8221;0px||0px||false|false&#8221; hover_enabled=&#8221;0&#8243; sticky_enabled=&#8221;0&#8243;][et_pb_row _builder_version=&#8221;4.27.0&#8243; _module_preset=&#8221;default&#8221; theme_builder_area=&#8221;post_content&#8221;][et_pb_column _builder_version=&#8221;4.27.0&#8243; _module_preset=&#8221;default&#8221; type=&#8221;4_4&#8243; theme_builder_area=&#8221;post_content&#8221;][et_pb_text _builder_version=&#8221;4.27.0&#8243; _module_preset=&#8221;default&#8221; theme_builder_area=&#8221;post_content&#8221; hover_enabled=&#8221;0&#8243; sticky_enabled=&#8221;0&#8243;]<\/p>\n<h3 style=\"text-align: center;\"><strong>Gratis befaring og uforpliktende tilbud p\u00e5 renhold<\/strong><\/h3>\n<p>&nbsp;<\/p>\n<p>[\/et_pb_text][\/et_pb_column][\/et_pb_row][\/et_pb_section][et_pb_section fb_built=&#8221;1&#8243; _builder_version=&#8221;4.27.0&#8243; _module_preset=&#8221;default&#8221; hover_enabled=&#8221;0&#8243; global_colors_info=&#8221;{}&#8221; custom_margin=&#8221;0px||||false|false&#8221; custom_padding=&#8221;0px||||false|false&#8221; sticky_enabled=&#8221;0&#8243;][et_pb_row _builder_version=&#8221;4.27.0&#8243; _module_preset=&#8221;default&#8221; background_enable_color=&#8221;off&#8221; custom_padding=&#8221;0px|9px||8px|false|false&#8221; border_radii=&#8221;on|9px|9px|9px|9px&#8221; box_shadow_style=&#8221;preset2&#8243; global_colors_info=&#8221;{}&#8221; column_structure=&#8221;1_2,1_2&#8243;][et_pb_column type=&#8221;1_2&#8243; _builder_version=&#8221;4.27.0&#8243; _module_preset=&#8221;default&#8221; border_color_all=&#8221;#1a9e48&#8243; global_colors_info=&#8221;{}&#8221;][et_pb_contact_form captcha=&#8221;off&#8221; _builder_version=&#8221;4.27.0&#8243; _module_preset=&#8221;272e47b7-c93e-4db0-b720-edebe5401066&#8243; _unique_id=&#8221;aeaf1582-c487-4073-8771-b74c56b246cb&#8221; form_field_focus_text_color=&#8221;#2a2a2a&#8221; title_text_color=&#8221;#FFFFFF&#8221; title_font_size=&#8221;75px&#8221; form_field_font_size=&#8221;13px&#8221; background_color=&#8221;#FFFFFF&#8221; button_bg_color=&#8221;#2b9319&#8243; button_icon=&#8221;&#x24;||divi||400&#8243; button_custom_margin=&#8221;10px|6px|12px||false|false&#8221; custom_margin=&#8221;0px|0px|0px|0px|false|false&#8221; custom_padding=&#8221;2px||||false|false&#8221; custom_css_main_element=&#8221;box-shadow: 0 16px 30px 0 rgba(0,0,0,0.15);&#8221; custom_css_free_form=&#8221;selector {||    border-radius: 20px;||}||||||||&#8221; custom_css_contact_title=&#8221;border-left:9px solid #E02B20;||margin-left:5px;&#8221; border_radii=&#8221;on|10px|10px|10px|10px&#8221; border_width_all=&#8221;1px&#8221; border_color_all=&#8221;#000000&#8243; global_colors_info=&#8221;{%22gcid-828accbb-1ed2-407d-95be-20ab4e191566%22:%91%22border_color_all%22,%22border_color_all%22,%22border_color_all%22,%22border_color_all%22,%22border_color_all%22,%22border_color_all%22,%22border_color_all%22%93,%22gcid-body-color%22:%91%22form_field_text_color%22,%22form_field_text_color%22,%22form_field_text_color%22,%22form_field_text_color%22,%22form_field_text_color%22,%22form_field_text_color%22,%22form_field_text_color%22%93,%22gcid-heading-color%22:%91%22title_text_color%22,%22title_text_color%22,%22title_text_color%22%93}&#8221;][et_pb_contact_field field_id=&#8221;HEADLINE&#8221; field_title=&#8221;F\u00e5 tilbud p\u00e5 renhold&#8221; fullwidth_field=&#8221;on&#8221; _builder_version=&#8221;4.27.0&#8243; _module_preset=&#8221;default&#8221; form_field_background_color=&#8221;#FFFFFF&#8221; form_field_text_color=&#8221;#565656&#8243; form_field_font_size=&#8221;25px&#8221; text_orientation=&#8221;center&#8221; module_alignment=&#8221;center&#8221; custom_margin=&#8221;11px|||6px|false|false&#8221; custom_padding=&#8221;|7px|||false|false&#8221; border_radii=&#8221;on|0px|0px|0px|0px&#8221; border_width_all=&#8221;0px&#8221; border_style_all=&#8221;solid&#8221; global_colors_info=&#8221;{}&#8221;][\/et_pb_contact_field][et_pb_contact_field field_id=&#8221;Navn&#8221; field_title=&#8221;Navn&#8221; fullwidth_field=&#8221;on&#8221; _builder_version=&#8221;4.27.0&#8243; _module_preset=&#8221;default&#8221; form_field_text_color=&#8221;#0b21c4&#8243; form_field_focus_text_color=&#8221;#0C71C3&#8243; module_alignment=&#8221;center&#8221; custom_padding=&#8221;|11px||43px|false|false&#8221; border_radii=&#8221;on|5px|5px|5px|5px&#8221; global_colors_info=&#8221;{}&#8221; button_text_size__hover_enabled=&#8221;off&#8221; button_one_text_size__hover_enabled=&#8221;off&#8221; button_two_text_size__hover_enabled=&#8221;off&#8221; button_text_color__hover_enabled=&#8221;off&#8221; button_one_text_color__hover_enabled=&#8221;off&#8221; button_two_text_color__hover_enabled=&#8221;off&#8221; button_border_width__hover_enabled=&#8221;off&#8221; button_one_border_width__hover_enabled=&#8221;off&#8221; button_two_border_width__hover_enabled=&#8221;off&#8221; button_border_color__hover_enabled=&#8221;off&#8221; button_one_border_color__hover_enabled=&#8221;off&#8221; button_two_border_color__hover_enabled=&#8221;off&#8221; button_border_radius__hover_enabled=&#8221;off&#8221; button_one_border_radius__hover_enabled=&#8221;off&#8221; button_two_border_radius__hover_enabled=&#8221;off&#8221; button_letter_spacing__hover_enabled=&#8221;off&#8221; button_one_letter_spacing__hover_enabled=&#8221;off&#8221; button_two_letter_spacing__hover_enabled=&#8221;off&#8221; button_bg_color__hover_enabled=&#8221;off&#8221; button_one_bg_color__hover_enabled=&#8221;off&#8221; button_two_bg_color__hover_enabled=&#8221;off&#8221;][\/et_pb_contact_field][et_pb_contact_field field_id=&#8221;Email&#8221; field_title=&#8221;Email &#8221; field_type=&#8221;email&#8221; fullwidth_field=&#8221;on&#8221; _builder_version=&#8221;4.27.0&#8243; _module_preset=&#8221;default&#8221; form_field_text_color=&#8221;#0b21c4&#8243; custom_margin=&#8221;|||0px|false|false&#8221; custom_padding=&#8221;|10px||47px|false|false&#8221; border_radii=&#8221;on|5px|5px|5px|5px&#8221; global_colors_info=&#8221;{}&#8221; button_text_size__hover_enabled=&#8221;off&#8221; button_one_text_size__hover_enabled=&#8221;off&#8221; button_two_text_size__hover_enabled=&#8221;off&#8221; button_text_color__hover_enabled=&#8221;off&#8221; button_one_text_color__hover_enabled=&#8221;off&#8221; button_two_text_color__hover_enabled=&#8221;off&#8221; button_border_width__hover_enabled=&#8221;off&#8221; button_one_border_width__hover_enabled=&#8221;off&#8221; button_two_border_width__hover_enabled=&#8221;off&#8221; button_border_color__hover_enabled=&#8221;off&#8221; button_one_border_color__hover_enabled=&#8221;off&#8221; button_two_border_color__hover_enabled=&#8221;off&#8221; button_border_radius__hover_enabled=&#8221;off&#8221; button_one_border_radius__hover_enabled=&#8221;off&#8221; button_two_border_radius__hover_enabled=&#8221;off&#8221; button_letter_spacing__hover_enabled=&#8221;off&#8221; button_one_letter_spacing__hover_enabled=&#8221;off&#8221; button_two_letter_spacing__hover_enabled=&#8221;off&#8221; button_bg_color__hover_enabled=&#8221;off&#8221; button_one_bg_color__hover_enabled=&#8221;off&#8221; button_two_bg_color__hover_enabled=&#8221;off&#8221;][\/et_pb_contact_field][et_pb_contact_field field_id=&#8221;Telefon&#8221; field_title=&#8221;Telefon&#8221; fullwidth_field=&#8221;on&#8221; _builder_version=&#8221;4.27.0&#8243; _module_preset=&#8221;default&#8221; form_field_text_color=&#8221;#0b21c4&#8243; custom_padding=&#8221;|9px||47px|false|false&#8221; border_radii=&#8221;on|5px|5px|5px|5px&#8221; global_colors_info=&#8221;{}&#8221;][\/et_pb_contact_field][et_pb_contact_field field_id=&#8221;Message&#8221; field_title=&#8221;tekst&#8221; field_type=&#8221;text&#8221; fullwidth_field=&#8221;on&#8221; _builder_version=&#8221;4.27.0&#8243; _module_preset=&#8221;default&#8221; form_field_text_color=&#8221;#0b21c4&#8243; form_field_font_size=&#8221;13px&#8221; custom_padding=&#8221;|9px||47px|false|false&#8221; border_radii=&#8221;on|5px|5px|5px|5px&#8221; global_colors_info=&#8221;{}&#8221; button_text_size__hover_enabled=&#8221;off&#8221; button_one_text_size__hover_enabled=&#8221;off&#8221; button_two_text_size__hover_enabled=&#8221;off&#8221; button_text_color__hover_enabled=&#8221;off&#8221; button_one_text_color__hover_enabled=&#8221;off&#8221; button_two_text_color__hover_enabled=&#8221;off&#8221; button_border_width__hover_enabled=&#8221;off&#8221; button_one_border_width__hover_enabled=&#8221;off&#8221; button_two_border_width__hover_enabled=&#8221;off&#8221; button_border_color__hover_enabled=&#8221;off&#8221; button_one_border_color__hover_enabled=&#8221;off&#8221; button_two_border_color__hover_enabled=&#8221;off&#8221; button_border_radius__hover_enabled=&#8221;off&#8221; button_one_border_radius__hover_enabled=&#8221;off&#8221; button_two_border_radius__hover_enabled=&#8221;off&#8221; button_letter_spacing__hover_enabled=&#8221;off&#8221; button_one_letter_spacing__hover_enabled=&#8221;off&#8221; button_two_letter_spacing__hover_enabled=&#8221;off&#8221; button_bg_color__hover_enabled=&#8221;off&#8221; button_one_bg_color__hover_enabled=&#8221;off&#8221; button_two_bg_color__hover_enabled=&#8221;off&#8221;][\/et_pb_contact_field][\/et_pb_contact_form][\/et_pb_column][et_pb_column _builder_version=&#8221;4.27.0&#8243; _module_preset=&#8221;default&#8221; type=&#8221;1_2&#8243;][et_pb_text _builder_version=&#8221;4.27.0&#8243; _module_preset=&#8221;default&#8221; hover_enabled=&#8221;0&#8243; sticky_enabled=&#8221;0&#8243;]<\/p>\n<h3>Vi skreddersyr l\u00f8sninger p\u00e5 renhold<\/h3>\n<p>Vi tilpasser hver enkelt kundes behov og lokasjonen det skal arbeides p\u00e5. Befaringen er uforpliktende. Fyll inn skjemaet\u00a0 for \u00e5 be om uforpliktende befaring s\u00e5 kontakter vi deg for avtale<\/p>\n<p>[\/et_pb_text][et_pb_text _builder_version=&#8221;4.27.0&#8243; _module_preset=&#8221;default&#8221; hover_enabled=&#8221;0&#8243; sticky_enabled=&#8221;0&#8243; custom_padding=&#8221;||0px|||&#8221; custom_margin=&#8221;20px||||false|false&#8221;]<\/p>\n<h3><strong>KONTAKT INFORMASJON<\/strong><\/h3>\n<p>[\/et_pb_text][et_pb_text _builder_version=&#8221;4.27.0&#8243; _module_preset=&#8221;default&#8221; hover_enabled=&#8221;0&#8243; sticky_enabled=&#8221;0&#8243;]<\/p>\n<p><strong>TELEFON:\u00a0 \u00a0940 777 88<\/strong><\/p>\n<p><strong>EPOST: <a href=\"mailto:KUNDESERVICE@FEMSTJERNERS.NO\">KUNDESERVICE@FEMSTJERNERS.NO<\/a><\/strong><\/p>\n<p><strong>\u00c5PNINGSTIDER:<\/strong><\/p>\n<p><strong>MAN -FRE: 07:30 &#8211; 17:00<\/strong><\/p>\n<p>[\/et_pb_text][\/et_pb_column][\/et_pb_row][\/et_pb_section]<\/p>\n","protected":false},"excerpt":{"rendered":"<p>TELEFON: 940 777 88 Epost: kundeservice@femstjerners.noGratis befaring og uforpliktende tilbud p\u00e5 renhold &nbsp;Vi skreddersyr l\u00f8sninger p\u00e5 renhold Vi tilpasser hver enkelt kundes behov og lokasjonen det skal arbeides p\u00e5. Befaringen er uforpliktende. Fyll inn skjemaet\u00a0 for \u00e5 be om uforpliktende befaring s\u00e5 kontakter vi deg for avtaleKONTAKT INFORMASJONTELEFON:\u00a0 \u00a0940 777 88 EPOST: KUNDESERVICE@FEMSTJERNERS.NO \u00c5PNINGSTIDER: MAN [&hellip;]<\/p>\n","protected":false},"author":1,"featured_media":0,"parent":0,"menu_order":0,"comment_status":"closed","ping_status":"closed","template":"","meta":{"nf_dc_page":"","_et_pb_use_builder":"on","_et_pb_old_content":"","_et_gb_content_width":"","om_disable_all_campaigns":false,"_monsterinsights_skip_tracking":false,"_monsterinsights_sitenote_active":false,"_monsterinsights_sitenote_note":"","_monsterinsights_sitenote_category":0,"footnotes":""},"class_list":["post-18","page","type-page","status-publish","hentry"],"yoast_head":"<!-- This site is optimized with the Yoast SEO plugin v27.6 - https:\/\/yoast.com\/product\/yoast-seo-wordpress\/ -->\n<title>Kontakt - FEM STJERNERS RENHOLD AS<\/title>\n<meta name=\"robots\" content=\"index, follow, max-snippet:-1, max-image-preview:large, max-video-preview:-1\" \/>\n<link rel=\"canonical\" href=\"https:\/\/femstjerners.no\/website_c6139ab7\/kontakt\/\" \/>\n<meta property=\"og:locale\" content=\"en_US\" \/>\n<meta property=\"og:type\" content=\"article\" \/>\n<meta property=\"og:title\" content=\"Kontakt - FEM STJERNERS RENHOLD AS\" \/>\n<meta property=\"og:description\" content=\"TELEFON: 940 777 88 Epost: kundeservice@femstjerners.noGratis befaring og uforpliktende tilbud p\u00e5 renhold &nbsp;Vi skreddersyr l\u00f8sninger p\u00e5 renhold Vi tilpasser hver enkelt kundes behov og lokasjonen det skal arbeides p\u00e5. Befaringen er uforpliktende. Fyll inn skjemaet\u00a0 for \u00e5 be om uforpliktende befaring s\u00e5 kontakter vi deg for avtaleKONTAKT INFORMASJONTELEFON:\u00a0 \u00a0940 777 88 EPOST: KUNDESERVICE@FEMSTJERNERS.NO \u00c5PNINGSTIDER: MAN [&hellip;]\" \/>\n<meta property=\"og:url\" content=\"https:\/\/femstjerners.no\/website_c6139ab7\/kontakt\/\" \/>\n<meta property=\"og:site_name\" content=\"FEM STJERNERS RENHOLD AS\" \/>\n<meta property=\"article:modified_time\" content=\"2024-08-23T16:19:46+00:00\" \/>\n<meta name=\"twitter:card\" content=\"summary_large_image\" \/>\n<meta name=\"twitter:label1\" content=\"Est. reading time\" \/>\n\t<meta name=\"twitter:data1\" content=\"8 minutes\" \/>\n<script type=\"application\/ld+json\" class=\"yoast-schema-graph\">{\"@context\":\"https:\\\/\\\/schema.org\",\"@graph\":[{\"@type\":\"WebPage\",\"@id\":\"https:\\\/\\\/femstjerners.no\\\/website_c6139ab7\\\/kontakt\\\/\",\"url\":\"https:\\\/\\\/femstjerners.no\\\/website_c6139ab7\\\/kontakt\\\/\",\"name\":\"Kontakt - FEM STJERNERS RENHOLD AS\",\"isPartOf\":{\"@id\":\"https:\\\/\\\/femstjerners.no\\\/website_c6139ab7\\\/#website\"},\"datePublished\":\"2024-08-18T18:22:36+00:00\",\"dateModified\":\"2024-08-23T16:19:46+00:00\",\"breadcrumb\":{\"@id\":\"https:\\\/\\\/femstjerners.no\\\/website_c6139ab7\\\/kontakt\\\/#breadcrumb\"},\"inLanguage\":\"en-US\",\"potentialAction\":[{\"@type\":\"ReadAction\",\"target\":[\"https:\\\/\\\/femstjerners.no\\\/website_c6139ab7\\\/kontakt\\\/\"]}]},{\"@type\":\"BreadcrumbList\",\"@id\":\"https:\\\/\\\/femstjerners.no\\\/website_c6139ab7\\\/kontakt\\\/#breadcrumb\",\"itemListElement\":[{\"@type\":\"ListItem\",\"position\":1,\"name\":\"Home\",\"item\":\"https:\\\/\\\/femstjerners.no\\\/website_c6139ab7\\\/\"},{\"@type\":\"ListItem\",\"position\":2,\"name\":\"Kontakt\"}]},{\"@type\":\"WebSite\",\"@id\":\"https:\\\/\\\/femstjerners.no\\\/website_c6139ab7\\\/#website\",\"url\":\"https:\\\/\\\/femstjerners.no\\\/website_c6139ab7\\\/\",\"name\":\"FEM STJERNERS RENHOLD AS\",\"description\":\"Leverand\u00f8r av renholdstjenester\",\"potentialAction\":[{\"@type\":\"SearchAction\",\"target\":{\"@type\":\"EntryPoint\",\"urlTemplate\":\"https:\\\/\\\/femstjerners.no\\\/website_c6139ab7\\\/?s={search_term_string}\"},\"query-input\":{\"@type\":\"PropertyValueSpecification\",\"valueRequired\":true,\"valueName\":\"search_term_string\"}}],\"inLanguage\":\"en-US\"}]}<\/script>\n<!-- \/ Yoast SEO plugin. -->","yoast_head_json":{"title":"Kontakt - FEM STJERNERS RENHOLD AS","robots":{"index":"index","follow":"follow","max-snippet":"max-snippet:-1","max-image-preview":"max-image-preview:large","max-video-preview":"max-video-preview:-1"},"canonical":"https:\/\/femstjerners.no\/website_c6139ab7\/kontakt\/","og_locale":"en_US","og_type":"article","og_title":"Kontakt - FEM STJERNERS RENHOLD AS","og_description":"TELEFON: 940 777 88 Epost: kundeservice@femstjerners.noGratis befaring og uforpliktende tilbud p\u00e5 renhold &nbsp;Vi skreddersyr l\u00f8sninger p\u00e5 renhold Vi tilpasser hver enkelt kundes behov og lokasjonen det skal arbeides p\u00e5. Befaringen er uforpliktende. Fyll inn skjemaet\u00a0 for \u00e5 be om uforpliktende befaring s\u00e5 kontakter vi deg for avtaleKONTAKT INFORMASJONTELEFON:\u00a0 \u00a0940 777 88 EPOST: KUNDESERVICE@FEMSTJERNERS.NO \u00c5PNINGSTIDER: MAN [&hellip;]","og_url":"https:\/\/femstjerners.no\/website_c6139ab7\/kontakt\/","og_site_name":"FEM STJERNERS RENHOLD AS","article_modified_time":"2024-08-23T16:19:46+00:00","twitter_card":"summary_large_image","twitter_misc":{"Est. reading time":"8 minutes"},"schema":{"@context":"https:\/\/schema.org","@graph":[{"@type":"WebPage","@id":"https:\/\/femstjerners.no\/website_c6139ab7\/kontakt\/","url":"https:\/\/femstjerners.no\/website_c6139ab7\/kontakt\/","name":"Kontakt - FEM STJERNERS RENHOLD AS","isPartOf":{"@id":"https:\/\/femstjerners.no\/website_c6139ab7\/#website"},"datePublished":"2024-08-18T18:22:36+00:00","dateModified":"2024-08-23T16:19:46+00:00","breadcrumb":{"@id":"https:\/\/femstjerners.no\/website_c6139ab7\/kontakt\/#breadcrumb"},"inLanguage":"en-US","potentialAction":[{"@type":"ReadAction","target":["https:\/\/femstjerners.no\/website_c6139ab7\/kontakt\/"]}]},{"@type":"BreadcrumbList","@id":"https:\/\/femstjerners.no\/website_c6139ab7\/kontakt\/#breadcrumb","itemListElement":[{"@type":"ListItem","position":1,"name":"Home","item":"https:\/\/femstjerners.no\/website_c6139ab7\/"},{"@type":"ListItem","position":2,"name":"Kontakt"}]},{"@type":"WebSite","@id":"https:\/\/femstjerners.no\/website_c6139ab7\/#website","url":"https:\/\/femstjerners.no\/website_c6139ab7\/","name":"FEM STJERNERS RENHOLD AS","description":"Leverand\u00f8r av renholdstjenester","potentialAction":[{"@type":"SearchAction","target":{"@type":"EntryPoint","urlTemplate":"https:\/\/femstjerners.no\/website_c6139ab7\/?s={search_term_string}"},"query-input":{"@type":"PropertyValueSpecification","valueRequired":true,"valueName":"search_term_string"}}],"inLanguage":"en-US"}]}},"jetpack_sharing_enabled":true,"_links":{"self":[{"href":"https:\/\/femstjerners.no\/website_c6139ab7\/wp-json\/wp\/v2\/pages\/18","targetHints":{"allow":["GET"]}}],"collection":[{"href":"https:\/\/femstjerners.no\/website_c6139ab7\/wp-json\/wp\/v2\/pages"}],"about":[{"href":"https:\/\/femstjerners.no\/website_c6139ab7\/wp-json\/wp\/v2\/types\/page"}],"author":[{"embeddable":true,"href":"https:\/\/femstjerners.no\/website_c6139ab7\/wp-json\/wp\/v2\/users\/1"}],"replies":[{"embeddable":true,"href":"https:\/\/femstjerners.no\/website_c6139ab7\/wp-json\/wp\/v2\/comments?post=18"}],"version-history":[{"count":5,"href":"https:\/\/femstjerners.no\/website_c6139ab7\/wp-json\/wp\/v2\/pages\/18\/revisions"}],"predecessor-version":[{"id":589,"href":"https:\/\/femstjerners.no\/website_c6139ab7\/wp-json\/wp\/v2\/pages\/18\/revisions\/589"}],"wp:attachment":[{"href":"https:\/\/femstjerners.no\/website_c6139ab7\/wp-json\/wp\/v2\/media?parent=18"}],"curies":[{"name":"wp","href":"https:\/\/api.w.org\/{rel}","templated":true}]}}