{"id":126,"date":"2024-08-16T09:36:12","date_gmt":"2024-08-16T09:36:12","guid":{"rendered":"https:\/\/femstjerners.no\/website_c6139ab7\/?page_id=126"},"modified":"2024-08-23T17:29:21","modified_gmt":"2024-08-23T17:29:21","slug":"flyttevask","status":"publish","type":"page","link":"https:\/\/femstjerners.no\/website_c6139ab7\/flyttevask\/","title":{"rendered":"Flyttevask"},"content":{"rendered":"<p>[et_pb_section fb_built=&#8221;1&#8243; _builder_version=&#8221;4.27.0&#8243; _module_preset=&#8221;default&#8221; hover_enabled=&#8221;0&#8243; global_colors_info=&#8221;{}&#8221; background_color=&#8221;#f7f7f7&#8243; sticky_enabled=&#8221;0&#8243;][et_pb_row column_structure=&#8221;1_2,1_2&#8243; _builder_version=&#8221;4.27.0&#8243; _module_preset=&#8221;default&#8221; custom_margin=&#8221;||9px||false|false&#8221; hover_enabled=&#8221;0&#8243; global_colors_info=&#8221;{}&#8221; sticky_enabled=&#8221;0&#8243;][et_pb_column type=&#8221;1_2&#8243; _builder_version=&#8221;4.27.0&#8243; _module_preset=&#8221;default&#8221; global_colors_info=&#8221;{}&#8221;][et_pb_video src=&#8221;https:\/\/femstjerners.no\/website_c6139ab7\/wp-content\/uploads\/2024\/08\/evalueringene.mp4&#8243; _builder_version=&#8221;4.27.0&#8243; _module_preset=&#8221;default&#8221; hover_enabled=&#8221;0&#8243; global_colors_info=&#8221;{}&#8221; box_shadow_style=&#8221;preset6&#8243; sticky_enabled=&#8221;0&#8243;][\/et_pb_video][et_pb_text _builder_version=&#8221;4.27.0&#8243; _module_preset=&#8221;default&#8221; hover_enabled=&#8221;0&#8243; sticky_enabled=&#8221;0&#8243;]<\/p>\n<h3 style=\"text-align: center;\">TELEFON: 940 777 88<\/h3>\n<p>[\/et_pb_text][et_pb_contact_form _builder_version=&#8221;4.27.0&#8243; _module_preset=&#8221;default&#8221; _unique_id=&#8221;4dbf5db8-0f38-43f4-a3e9-06c136c5b708&#8243; hover_enabled=&#8221;0&#8243; global_colors_info=&#8221;{}&#8221; background_color=&#8221;#FFFFFF&#8221; sticky_enabled=&#8221;0&#8243; border_radii=&#8221;on|9px|9px|9px|9px&#8221; box_shadow_style=&#8221;preset3&#8243;][et_pb_contact_field field_id=&#8221;Name&#8221; field_title=&#8221;NAVN&#8221; _builder_version=&#8221;4.27.0&#8243; global_colors_info=&#8221;{}&#8221; button_text_size__hover_enabled=&#8221;off&#8221; button_one_text_size__hover_enabled=&#8221;off&#8221; button_two_text_size__hover_enabled=&#8221;off&#8221; button_text_color__hover_enabled=&#8221;off&#8221; button_one_text_color__hover_enabled=&#8221;off&#8221; button_two_text_color__hover_enabled=&#8221;off&#8221; button_border_width__hover_enabled=&#8221;off&#8221; button_one_border_width__hover_enabled=&#8221;off&#8221; button_two_border_width__hover_enabled=&#8221;off&#8221; button_border_color__hover_enabled=&#8221;off&#8221; button_one_border_color__hover_enabled=&#8221;off&#8221; button_two_border_color__hover_enabled=&#8221;off&#8221; button_border_radius__hover_enabled=&#8221;off&#8221; button_one_border_radius__hover_enabled=&#8221;off&#8221; button_two_border_radius__hover_enabled=&#8221;off&#8221; button_letter_spacing__hover_enabled=&#8221;off&#8221; button_one_letter_spacing__hover_enabled=&#8221;off&#8221; button_two_letter_spacing__hover_enabled=&#8221;off&#8221; button_bg_color__hover_enabled=&#8221;off&#8221; button_one_bg_color__hover_enabled=&#8221;off&#8221; button_two_bg_color__hover_enabled=&#8221;off&#8221;][\/et_pb_contact_field][et_pb_contact_field field_id=&#8221;Email&#8221; field_title=&#8221;EPOST&#8221; field_type=&#8221;email&#8221; _builder_version=&#8221;4.27.0&#8243; global_colors_info=&#8221;{}&#8221; button_text_size__hover_enabled=&#8221;off&#8221; button_one_text_size__hover_enabled=&#8221;off&#8221; button_two_text_size__hover_enabled=&#8221;off&#8221; button_text_color__hover_enabled=&#8221;off&#8221; button_one_text_color__hover_enabled=&#8221;off&#8221; button_two_text_color__hover_enabled=&#8221;off&#8221; button_border_width__hover_enabled=&#8221;off&#8221; button_one_border_width__hover_enabled=&#8221;off&#8221; button_two_border_width__hover_enabled=&#8221;off&#8221; button_border_color__hover_enabled=&#8221;off&#8221; button_one_border_color__hover_enabled=&#8221;off&#8221; button_two_border_color__hover_enabled=&#8221;off&#8221; button_border_radius__hover_enabled=&#8221;off&#8221; button_one_border_radius__hover_enabled=&#8221;off&#8221; button_two_border_radius__hover_enabled=&#8221;off&#8221; button_letter_spacing__hover_enabled=&#8221;off&#8221; button_one_letter_spacing__hover_enabled=&#8221;off&#8221; button_two_letter_spacing__hover_enabled=&#8221;off&#8221; button_bg_color__hover_enabled=&#8221;off&#8221; button_one_bg_color__hover_enabled=&#8221;off&#8221; button_two_bg_color__hover_enabled=&#8221;off&#8221;][\/et_pb_contact_field][et_pb_contact_field field_id=&#8221;Message&#8221; field_title=&#8221;NOTAT&#8221; field_type=&#8221;text&#8221; fullwidth_field=&#8221;on&#8221; _builder_version=&#8221;4.27.0&#8243; global_colors_info=&#8221;{}&#8221; button_text_size__hover_enabled=&#8221;off&#8221; button_one_text_size__hover_enabled=&#8221;off&#8221; button_two_text_size__hover_enabled=&#8221;off&#8221; button_text_color__hover_enabled=&#8221;off&#8221; button_one_text_color__hover_enabled=&#8221;off&#8221; button_two_text_color__hover_enabled=&#8221;off&#8221; button_border_width__hover_enabled=&#8221;off&#8221; button_one_border_width__hover_enabled=&#8221;off&#8221; button_two_border_width__hover_enabled=&#8221;off&#8221; button_border_color__hover_enabled=&#8221;off&#8221; button_one_border_color__hover_enabled=&#8221;off&#8221; button_two_border_color__hover_enabled=&#8221;off&#8221; button_border_radius__hover_enabled=&#8221;off&#8221; button_one_border_radius__hover_enabled=&#8221;off&#8221; button_two_border_radius__hover_enabled=&#8221;off&#8221; button_letter_spacing__hover_enabled=&#8221;off&#8221; button_one_letter_spacing__hover_enabled=&#8221;off&#8221; button_two_letter_spacing__hover_enabled=&#8221;off&#8221; button_bg_color__hover_enabled=&#8221;off&#8221; button_one_bg_color__hover_enabled=&#8221;off&#8221; button_two_bg_color__hover_enabled=&#8221;off&#8221;][\/et_pb_contact_field][\/et_pb_contact_form][\/et_pb_column][et_pb_column type=&#8221;1_2&#8243; _builder_version=&#8221;4.27.0&#8243; _module_preset=&#8221;default&#8221; global_colors_info=&#8221;{}&#8221;][et_pb_text _builder_version=&#8221;4.27.0&#8243; _module_preset=&#8221;default&#8221; hover_enabled=&#8221;0&#8243; global_colors_info=&#8221;{}&#8221; background_color=&#8221;#FFFFFF&#8221; sticky_enabled=&#8221;0&#8243; custom_padding=&#8221;|6px||26px|false|false&#8221; border_radii=&#8221;on|9px|9px|9px|9px&#8221; box_shadow_style=&#8221;preset2&#8243;]<\/p>\n<h3><span style=\"text-decoration: underline;\"><strong>Hva inneholder Flyttevask<\/strong><\/span><\/h3>\n<h4><strong><em>Etter lov om avhending av fast eiendom og kj\u00f8pekontrakt heter det at \u00abeiendommen skal overleveres i ryddig og rengjort stand\u00bb<\/em><\/strong><\/h4>\n<p>&nbsp;<\/p>\n<p><strong><u>Minimumskrav til flyttevask<\/u><\/strong><\/p>\n<ul>\n<li>Alle flater er rengjort<\/li>\n<li>Vegger og tak t\u00f8rrmoppes, men m\u00f8kkete vegger m\u00e5<\/li>\n<li>Alle skap og skuffer er vasket p\u00e5 innsiden og<\/li>\n<li>Vinduene er pusset p\u00e5 innsiden og<\/li>\n<li>Komfyr, kj\u00f8leskap, badekar og <em>lignende er dratt frem<\/em> (<u>viktig<\/u>) og det er vasket bak (der de ikke er integrert).<\/li>\n<li>Hvitevarer som st\u00e5r igjen i boligen skal v\u00e6re grundig<\/li>\n<li>Alle sluker skal v\u00e6re<\/li>\n<li>Alle avtrekksvifter skal avfettes og smuss, b\u00e5de innvendig og<\/li>\n<li>Lufteventiler skal v\u00e6re<\/li>\n<li>Peis og ovner skal v\u00e6re t\u00f8mt, kostet og pusset glass.<\/li>\n<li>Heldekningstepper st\u00f8vsuges evt renses.<\/li>\n<\/ul>\n<p><u>Hus selgers ansvar:<\/u><\/p>\n<ul>\n<li>Boder, garasje og balkong\/terrasse skal ryddes og<\/li>\n<li>Tomten skal ryddes.<\/li>\n<li>Vinduer utvendig<\/li>\n<\/ul>\n<p>&nbsp;<\/p>\n<p>&nbsp;<\/p>\n<p>[\/et_pb_text][\/et_pb_column][\/et_pb_row][\/et_pb_section]<\/p>\n","protected":false},"excerpt":{"rendered":"<p>TELEFON: 940 777 88Hva inneholder Flyttevask Etter lov om avhending av fast eiendom og kj\u00f8pekontrakt heter det at \u00abeiendommen skal overleveres i ryddig og rengjort stand\u00bb &nbsp; Minimumskrav til flyttevask Alle flater er rengjort Vegger og tak t\u00f8rrmoppes, men m\u00f8kkete vegger m\u00e5 Alle skap og skuffer er vasket p\u00e5 innsiden og Vinduene er pusset p\u00e5 [&hellip;]<\/p>\n","protected":false},"author":1,"featured_media":0,"parent":0,"menu_order":0,"comment_status":"closed","ping_status":"closed","template":"","meta":{"nf_dc_page":"","_et_pb_use_builder":"on","_et_pb_old_content":"","_et_gb_content_width":"","om_disable_all_campaigns":false,"_monsterinsights_skip_tracking":false,"_monsterinsights_sitenote_active":false,"_monsterinsights_sitenote_note":"","_monsterinsights_sitenote_category":0,"footnotes":""},"class_list":["post-126","page","type-page","status-publish","hentry"],"yoast_head":"<!-- This site is optimized with the Yoast SEO plugin v27.6 - https:\/\/yoast.com\/product\/yoast-seo-wordpress\/ -->\n<title>Flyttevask - FEM STJERNERS RENHOLD AS<\/title>\n<meta name=\"robots\" content=\"index, follow, max-snippet:-1, max-image-preview:large, max-video-preview:-1\" \/>\n<link rel=\"canonical\" href=\"https:\/\/femstjerners.no\/website_c6139ab7\/flyttevask\/\" \/>\n<meta property=\"og:locale\" content=\"en_US\" \/>\n<meta property=\"og:type\" content=\"article\" \/>\n<meta property=\"og:title\" content=\"Flyttevask - FEM STJERNERS RENHOLD AS\" \/>\n<meta property=\"og:description\" content=\"TELEFON: 940 777 88Hva inneholder Flyttevask Etter lov om avhending av fast eiendom og kj\u00f8pekontrakt heter det at \u00abeiendommen skal overleveres i ryddig og rengjort stand\u00bb &nbsp; Minimumskrav til flyttevask Alle flater er rengjort Vegger og tak t\u00f8rrmoppes, men m\u00f8kkete vegger m\u00e5 Alle skap og skuffer er vasket p\u00e5 innsiden og Vinduene er pusset p\u00e5 [&hellip;]\" \/>\n<meta property=\"og:url\" content=\"https:\/\/femstjerners.no\/website_c6139ab7\/flyttevask\/\" \/>\n<meta property=\"og:site_name\" content=\"FEM STJERNERS RENHOLD AS\" \/>\n<meta property=\"article:modified_time\" content=\"2024-08-23T17:29:21+00:00\" \/>\n<meta name=\"twitter:card\" content=\"summary_large_image\" \/>\n<script type=\"application\/ld+json\" class=\"yoast-schema-graph\">{\"@context\":\"https:\\\/\\\/schema.org\",\"@graph\":[{\"@type\":\"WebPage\",\"@id\":\"https:\\\/\\\/femstjerners.no\\\/website_c6139ab7\\\/flyttevask\\\/\",\"url\":\"https:\\\/\\\/femstjerners.no\\\/website_c6139ab7\\\/flyttevask\\\/\",\"name\":\"Flyttevask - FEM STJERNERS RENHOLD AS\",\"isPartOf\":{\"@id\":\"https:\\\/\\\/femstjerners.no\\\/website_c6139ab7\\\/#website\"},\"datePublished\":\"2024-08-16T09:36:12+00:00\",\"dateModified\":\"2024-08-23T17:29:21+00:00\",\"breadcrumb\":{\"@id\":\"https:\\\/\\\/femstjerners.no\\\/website_c6139ab7\\\/flyttevask\\\/#breadcrumb\"},\"inLanguage\":\"en-US\",\"potentialAction\":[{\"@type\":\"ReadAction\",\"target\":[\"https:\\\/\\\/femstjerners.no\\\/website_c6139ab7\\\/flyttevask\\\/\"]}]},{\"@type\":\"BreadcrumbList\",\"@id\":\"https:\\\/\\\/femstjerners.no\\\/website_c6139ab7\\\/flyttevask\\\/#breadcrumb\",\"itemListElement\":[{\"@type\":\"ListItem\",\"position\":1,\"name\":\"Home\",\"item\":\"https:\\\/\\\/femstjerners.no\\\/website_c6139ab7\\\/\"},{\"@type\":\"ListItem\",\"position\":2,\"name\":\"Flyttevask\"}]},{\"@type\":\"WebSite\",\"@id\":\"https:\\\/\\\/femstjerners.no\\\/website_c6139ab7\\\/#website\",\"url\":\"https:\\\/\\\/femstjerners.no\\\/website_c6139ab7\\\/\",\"name\":\"FEM STJERNERS RENHOLD AS\",\"description\":\"Leverand\u00f8r av renholdstjenester\",\"potentialAction\":[{\"@type\":\"SearchAction\",\"target\":{\"@type\":\"EntryPoint\",\"urlTemplate\":\"https:\\\/\\\/femstjerners.no\\\/website_c6139ab7\\\/?s={search_term_string}\"},\"query-input\":{\"@type\":\"PropertyValueSpecification\",\"valueRequired\":true,\"valueName\":\"search_term_string\"}}],\"inLanguage\":\"en-US\"}]}<\/script>\n<!-- \/ Yoast SEO plugin. -->","yoast_head_json":{"title":"Flyttevask - FEM STJERNERS RENHOLD AS","robots":{"index":"index","follow":"follow","max-snippet":"max-snippet:-1","max-image-preview":"max-image-preview:large","max-video-preview":"max-video-preview:-1"},"canonical":"https:\/\/femstjerners.no\/website_c6139ab7\/flyttevask\/","og_locale":"en_US","og_type":"article","og_title":"Flyttevask - FEM STJERNERS RENHOLD AS","og_description":"TELEFON: 940 777 88Hva inneholder Flyttevask Etter lov om avhending av fast eiendom og kj\u00f8pekontrakt heter det at \u00abeiendommen skal overleveres i ryddig og rengjort stand\u00bb &nbsp; Minimumskrav til flyttevask Alle flater er rengjort Vegger og tak t\u00f8rrmoppes, men m\u00f8kkete vegger m\u00e5 Alle skap og skuffer er vasket p\u00e5 innsiden og Vinduene er pusset p\u00e5 [&hellip;]","og_url":"https:\/\/femstjerners.no\/website_c6139ab7\/flyttevask\/","og_site_name":"FEM STJERNERS RENHOLD AS","article_modified_time":"2024-08-23T17:29:21+00:00","twitter_card":"summary_large_image","schema":{"@context":"https:\/\/schema.org","@graph":[{"@type":"WebPage","@id":"https:\/\/femstjerners.no\/website_c6139ab7\/flyttevask\/","url":"https:\/\/femstjerners.no\/website_c6139ab7\/flyttevask\/","name":"Flyttevask - FEM STJERNERS RENHOLD AS","isPartOf":{"@id":"https:\/\/femstjerners.no\/website_c6139ab7\/#website"},"datePublished":"2024-08-16T09:36:12+00:00","dateModified":"2024-08-23T17:29:21+00:00","breadcrumb":{"@id":"https:\/\/femstjerners.no\/website_c6139ab7\/flyttevask\/#breadcrumb"},"inLanguage":"en-US","potentialAction":[{"@type":"ReadAction","target":["https:\/\/femstjerners.no\/website_c6139ab7\/flyttevask\/"]}]},{"@type":"BreadcrumbList","@id":"https:\/\/femstjerners.no\/website_c6139ab7\/flyttevask\/#breadcrumb","itemListElement":[{"@type":"ListItem","position":1,"name":"Home","item":"https:\/\/femstjerners.no\/website_c6139ab7\/"},{"@type":"ListItem","position":2,"name":"Flyttevask"}]},{"@type":"WebSite","@id":"https:\/\/femstjerners.no\/website_c6139ab7\/#website","url":"https:\/\/femstjerners.no\/website_c6139ab7\/","name":"FEM STJERNERS RENHOLD AS","description":"Leverand\u00f8r av renholdstjenester","potentialAction":[{"@type":"SearchAction","target":{"@type":"EntryPoint","urlTemplate":"https:\/\/femstjerners.no\/website_c6139ab7\/?s={search_term_string}"},"query-input":{"@type":"PropertyValueSpecification","valueRequired":true,"valueName":"search_term_string"}}],"inLanguage":"en-US"}]}},"jetpack_sharing_enabled":true,"_links":{"self":[{"href":"https:\/\/femstjerners.no\/website_c6139ab7\/wp-json\/wp\/v2\/pages\/126","targetHints":{"allow":["GET"]}}],"collection":[{"href":"https:\/\/femstjerners.no\/website_c6139ab7\/wp-json\/wp\/v2\/pages"}],"about":[{"href":"https:\/\/femstjerners.no\/website_c6139ab7\/wp-json\/wp\/v2\/types\/page"}],"author":[{"embeddable":true,"href":"https:\/\/femstjerners.no\/website_c6139ab7\/wp-json\/wp\/v2\/users\/1"}],"replies":[{"embeddable":true,"href":"https:\/\/femstjerners.no\/website_c6139ab7\/wp-json\/wp\/v2\/comments?post=126"}],"version-history":[{"count":5,"href":"https:\/\/femstjerners.no\/website_c6139ab7\/wp-json\/wp\/v2\/pages\/126\/revisions"}],"predecessor-version":[{"id":611,"href":"https:\/\/femstjerners.no\/website_c6139ab7\/wp-json\/wp\/v2\/pages\/126\/revisions\/611"}],"wp:attachment":[{"href":"https:\/\/femstjerners.no\/website_c6139ab7\/wp-json\/wp\/v2\/media?parent=126"}],"curies":[{"name":"wp","href":"https:\/\/api.w.org\/{rel}","templated":true}]}}