{"id":12,"date":"2024-08-23T10:42:29","date_gmt":"2024-08-23T10:42:29","guid":{"rendered":"https:\/\/femstjerners.no\/website_c6139ab7\/?page_id=12"},"modified":"2024-08-26T14:09:56","modified_gmt":"2024-08-26T14:09:56","slug":"daglig-renhold","status":"publish","type":"page","link":"https:\/\/femstjerners.no\/website_c6139ab7\/home\/daglig-renhold\/","title":{"rendered":"Daglig Renhold"},"content":{"rendered":"<p>[et_pb_section fb_built=&#8221;1&#8243; _builder_version=&#8221;4.27.0&#8243; _module_preset=&#8221;default&#8221; positioning=&#8221;none&#8221; global_colors_info=&#8221;{}&#8221;][et_pb_row column_structure=&#8221;1_2,1_2&#8243; _builder_version=&#8221;4.27.0&#8243; _module_preset=&#8221;default&#8221; hover_enabled=&#8221;0&#8243; global_colors_info=&#8221;{}&#8221; sticky_enabled=&#8221;0&#8243;][et_pb_column type=&#8221;1_2&#8243; _builder_version=&#8221;4.27.0&#8243; _module_preset=&#8221;default&#8221; global_colors_info=&#8221;{}&#8221;][et_pb_text _builder_version=&#8221;4.27.0&#8243; _module_preset=&#8221;default&#8221; link_option_url=&#8221;https:\/\/femstjerners.no\/website_c6139ab7\/kontor-renhold\/&#8221; hover_enabled=&#8221;0&#8243; global_colors_info=&#8221;{}&#8221; sticky_enabled=&#8221;0&#8243;]<\/p>\n<p><strong>DAGLIG RENHOLD<\/strong><\/p>\n<p>Alt innen regelmessig rengj\u00f8ring av kontorer og n\u00e6ringsbygg<br \/>Vi tar p\u00e5 oss alle typer renholdsoppdrag. Blant annet tilbyr vi daglig rengj\u00f8ring av lager og st\u00f8rre bygg, kontorvask og vask av brakker for din bedrift. Vi har ogs\u00e5 lang erfaring med trappevask for borettslag og sameier. Vi tilbyr faste renholdsavtaler som er skreddersydd etter kundens behov.<\/p>\n<p>[\/et_pb_text][et_pb_text _builder_version=&#8221;4.27.0&#8243; _module_preset=&#8221;default&#8221; hover_enabled=&#8221;0&#8243; global_colors_info=&#8221;{}&#8221; link_option_url=&#8221;https:\/\/femstjerners.no\/website_c6139ab7\/kontor-renhold\/&#8221; sticky_enabled=&#8221;0&#8243;]<\/p>\n<p><strong>Daglig \/ fast renhold for bedrifter<\/strong><br \/>Vi tilbyr regelmessig rengj\u00f8ring tilpasset dine behov og p\u00e5 tidspunkter som passer for deg. Ved daglig renhold s\u00f8rger vi for grundig rengj\u00f8ring av toaletter og sanit\u00e6ranlegg, vask av gulv, samt h\u00e5ndtering av avfall. Vi etterfyller ogs\u00e5 papir og hygieneartikler p\u00e5 toalettene. Dersom dere har behov for l\u00f8sninger innen papir og forbruksartikler, kan vi ogs\u00e5 ta oss av dette.<\/p>\n<p>Vi kan rengj\u00f8re f\u00f8lgende omr\u00e5der:<\/p>\n<ul>\n<li>Gulv<\/li>\n<li>Toaletter og sanit\u00e6ranlegg<\/li>\n<li>Kj\u00f8kken<\/li>\n<li>M\u00f8terom<\/li>\n<li>Kontor<\/li>\n<li>Lager<\/li>\n<li>Konferanserom<\/li>\n<li>Skole og barnehage<\/li>\n<li>Kj\u00f8pesenter og dagligvarebutikk<\/li>\n<\/ul>\n<p>.<\/p>\n<p>[\/et_pb_text][\/et_pb_column][et_pb_column type=&#8221;1_2&#8243; _builder_version=&#8221;4.27.0&#8243; _module_preset=&#8221;default&#8221; global_colors_info=&#8221;{}&#8221;][et_pb_text _builder_version=&#8221;4.27.0&#8243; _module_preset=&#8221;default&#8221; custom_padding=&#8221;||2px|||&#8221; global_colors_info=&#8221;{}&#8221;]<\/p>\n<p><strong>DAGLIG RENHOLD TIL BEDRIFT<\/strong><\/p>\n<p>Har din bedrift behov for daglig renhold?\u00a0Hos Anker Renhold utf\u00f8rer vi regelmessig rengj\u00f8ring i Stavanger, Randaberg, Sandnes og Sola for bedrifter og borettslag. Vi tilbyr renholdstjenester utf\u00f8rt med kvalitet, erfaring og kunnskap.<\/p>\n<p><strong>Daglig renhold for lager og store bygg<\/strong><\/p>\n<p>Rengj\u00f8ring av gulv og vedlikehold i store bygg, krever riktig utstyr og planlegging. Anker Renhold lager en gjennomf\u00f8ringsplan, gj\u00f8r en sikker jobb analyse f\u00f8r arbeidet starter og utf\u00f8rer arbeidet med n\u00f8dvendig fokus p\u00e5 HMS.<\/p>\n<p>[\/et_pb_text][et_pb_image src=&#8221;https:\/\/femstjerners.no\/website_c6139ab7\/wp-content\/uploads\/2024\/08\/cleaning-copy.jpg&#8221; title_text=&#8221;cleaning copy&#8221; _builder_version=&#8221;4.27.0&#8243; _module_preset=&#8221;default&#8221; global_colors_info=&#8221;{}&#8221;][\/et_pb_image][et_pb_text _builder_version=&#8221;4.27.0&#8243; _module_preset=&#8221;default&#8221; global_colors_info=&#8221;{}&#8221;]<\/p>\n<p><strong>Daglig renhold for lager og store bygg<\/strong><\/p>\n<p>Rengj\u00f8ring av gulv og vedlikehold i store bygg, krever riktig utstyr og planlegging. Vi lager en gjennomf\u00f8ringsplan, gj\u00f8r en sikker jobb analyse f\u00f8r arbeidet starter og utf\u00f8rer arbeidet med n\u00f8dvendig fokus p\u00e5 HMS.<\/p>\n<p>[\/et_pb_text][\/et_pb_column][\/et_pb_row][\/et_pb_section]<\/p>\n","protected":false},"excerpt":{"rendered":"<p>DAGLIG RENHOLD Alt innen regelmessig rengj\u00f8ring av kontorer og n\u00e6ringsbyggVi tar p\u00e5 oss alle typer renholdsoppdrag. Blant annet tilbyr vi daglig rengj\u00f8ring av lager og st\u00f8rre bygg, kontorvask og vask av brakker for din bedrift. Vi har ogs\u00e5 lang erfaring med trappevask for borettslag og sameier. Vi tilbyr faste renholdsavtaler som er skreddersydd etter kundens [&hellip;]<\/p>\n","protected":false},"author":1,"featured_media":0,"parent":10,"menu_order":0,"comment_status":"closed","ping_status":"closed","template":"","meta":{"nf_dc_page":"","_et_pb_use_builder":"on","_et_pb_old_content":"","_et_gb_content_width":"","om_disable_all_campaigns":false,"_monsterinsights_skip_tracking":false,"_monsterinsights_sitenote_active":false,"_monsterinsights_sitenote_note":"","_monsterinsights_sitenote_category":0,"footnotes":""},"class_list":["post-12","page","type-page","status-publish","hentry"],"yoast_head":"<!-- This site is optimized with the Yoast SEO plugin v27.6 - https:\/\/yoast.com\/product\/yoast-seo-wordpress\/ -->\n<title>Daglig Renhold - FEM STJERNERS RENHOLD AS<\/title>\n<meta name=\"robots\" content=\"index, follow, max-snippet:-1, max-image-preview:large, max-video-preview:-1\" \/>\n<link rel=\"canonical\" href=\"https:\/\/femstjerners.no\/website_c6139ab7\/home\/daglig-renhold\/\" \/>\n<meta property=\"og:locale\" content=\"en_US\" \/>\n<meta property=\"og:type\" content=\"article\" \/>\n<meta property=\"og:title\" content=\"Daglig Renhold - FEM STJERNERS RENHOLD AS\" \/>\n<meta property=\"og:description\" content=\"DAGLIG RENHOLD Alt innen regelmessig rengj\u00f8ring av kontorer og n\u00e6ringsbyggVi tar p\u00e5 oss alle typer renholdsoppdrag. Blant annet tilbyr vi daglig rengj\u00f8ring av lager og st\u00f8rre bygg, kontorvask og vask av brakker for din bedrift. Vi har ogs\u00e5 lang erfaring med trappevask for borettslag og sameier. Vi tilbyr faste renholdsavtaler som er skreddersydd etter kundens [&hellip;]\" \/>\n<meta property=\"og:url\" content=\"https:\/\/femstjerners.no\/website_c6139ab7\/home\/daglig-renhold\/\" \/>\n<meta property=\"og:site_name\" content=\"FEM STJERNERS RENHOLD AS\" \/>\n<meta property=\"article:modified_time\" content=\"2024-08-26T14:09:56+00:00\" \/>\n<meta name=\"twitter:card\" content=\"summary_large_image\" \/>\n<meta name=\"twitter:label1\" content=\"Est. reading time\" \/>\n\t<meta name=\"twitter:data1\" content=\"2 minutes\" \/>\n<script type=\"application\/ld+json\" class=\"yoast-schema-graph\">{\"@context\":\"https:\\\/\\\/schema.org\",\"@graph\":[{\"@type\":\"WebPage\",\"@id\":\"https:\\\/\\\/femstjerners.no\\\/website_c6139ab7\\\/home\\\/daglig-renhold\\\/\",\"url\":\"https:\\\/\\\/femstjerners.no\\\/website_c6139ab7\\\/home\\\/daglig-renhold\\\/\",\"name\":\"Daglig Renhold - FEM STJERNERS RENHOLD AS\",\"isPartOf\":{\"@id\":\"https:\\\/\\\/femstjerners.no\\\/website_c6139ab7\\\/#website\"},\"datePublished\":\"2024-08-23T10:42:29+00:00\",\"dateModified\":\"2024-08-26T14:09:56+00:00\",\"breadcrumb\":{\"@id\":\"https:\\\/\\\/femstjerners.no\\\/website_c6139ab7\\\/home\\\/daglig-renhold\\\/#breadcrumb\"},\"inLanguage\":\"en-US\",\"potentialAction\":[{\"@type\":\"ReadAction\",\"target\":[\"https:\\\/\\\/femstjerners.no\\\/website_c6139ab7\\\/home\\\/daglig-renhold\\\/\"]}]},{\"@type\":\"BreadcrumbList\",\"@id\":\"https:\\\/\\\/femstjerners.no\\\/website_c6139ab7\\\/home\\\/daglig-renhold\\\/#breadcrumb\",\"itemListElement\":[{\"@type\":\"ListItem\",\"position\":1,\"name\":\"Home\",\"item\":\"https:\\\/\\\/femstjerners.no\\\/website_c6139ab7\\\/\"},{\"@type\":\"ListItem\",\"position\":2,\"name\":\"Home\",\"item\":\"https:\\\/\\\/femstjerners.no\\\/website_c6139ab7\\\/\"},{\"@type\":\"ListItem\",\"position\":3,\"name\":\"Daglig Renhold\"}]},{\"@type\":\"WebSite\",\"@id\":\"https:\\\/\\\/femstjerners.no\\\/website_c6139ab7\\\/#website\",\"url\":\"https:\\\/\\\/femstjerners.no\\\/website_c6139ab7\\\/\",\"name\":\"FEM STJERNERS RENHOLD AS\",\"description\":\"Leverand\u00f8r av renholdstjenester\",\"potentialAction\":[{\"@type\":\"SearchAction\",\"target\":{\"@type\":\"EntryPoint\",\"urlTemplate\":\"https:\\\/\\\/femstjerners.no\\\/website_c6139ab7\\\/?s={search_term_string}\"},\"query-input\":{\"@type\":\"PropertyValueSpecification\",\"valueRequired\":true,\"valueName\":\"search_term_string\"}}],\"inLanguage\":\"en-US\"}]}<\/script>\n<!-- \/ Yoast SEO plugin. -->","yoast_head_json":{"title":"Daglig Renhold - FEM STJERNERS RENHOLD AS","robots":{"index":"index","follow":"follow","max-snippet":"max-snippet:-1","max-image-preview":"max-image-preview:large","max-video-preview":"max-video-preview:-1"},"canonical":"https:\/\/femstjerners.no\/website_c6139ab7\/home\/daglig-renhold\/","og_locale":"en_US","og_type":"article","og_title":"Daglig Renhold - FEM STJERNERS RENHOLD AS","og_description":"DAGLIG RENHOLD Alt innen regelmessig rengj\u00f8ring av kontorer og n\u00e6ringsbyggVi tar p\u00e5 oss alle typer renholdsoppdrag. Blant annet tilbyr vi daglig rengj\u00f8ring av lager og st\u00f8rre bygg, kontorvask og vask av brakker for din bedrift. Vi har ogs\u00e5 lang erfaring med trappevask for borettslag og sameier. Vi tilbyr faste renholdsavtaler som er skreddersydd etter kundens [&hellip;]","og_url":"https:\/\/femstjerners.no\/website_c6139ab7\/home\/daglig-renhold\/","og_site_name":"FEM STJERNERS RENHOLD AS","article_modified_time":"2024-08-26T14:09:56+00:00","twitter_card":"summary_large_image","twitter_misc":{"Est. reading time":"2 minutes"},"schema":{"@context":"https:\/\/schema.org","@graph":[{"@type":"WebPage","@id":"https:\/\/femstjerners.no\/website_c6139ab7\/home\/daglig-renhold\/","url":"https:\/\/femstjerners.no\/website_c6139ab7\/home\/daglig-renhold\/","name":"Daglig Renhold - FEM STJERNERS RENHOLD AS","isPartOf":{"@id":"https:\/\/femstjerners.no\/website_c6139ab7\/#website"},"datePublished":"2024-08-23T10:42:29+00:00","dateModified":"2024-08-26T14:09:56+00:00","breadcrumb":{"@id":"https:\/\/femstjerners.no\/website_c6139ab7\/home\/daglig-renhold\/#breadcrumb"},"inLanguage":"en-US","potentialAction":[{"@type":"ReadAction","target":["https:\/\/femstjerners.no\/website_c6139ab7\/home\/daglig-renhold\/"]}]},{"@type":"BreadcrumbList","@id":"https:\/\/femstjerners.no\/website_c6139ab7\/home\/daglig-renhold\/#breadcrumb","itemListElement":[{"@type":"ListItem","position":1,"name":"Home","item":"https:\/\/femstjerners.no\/website_c6139ab7\/"},{"@type":"ListItem","position":2,"name":"Home","item":"https:\/\/femstjerners.no\/website_c6139ab7\/"},{"@type":"ListItem","position":3,"name":"Daglig Renhold"}]},{"@type":"WebSite","@id":"https:\/\/femstjerners.no\/website_c6139ab7\/#website","url":"https:\/\/femstjerners.no\/website_c6139ab7\/","name":"FEM STJERNERS RENHOLD AS","description":"Leverand\u00f8r av renholdstjenester","potentialAction":[{"@type":"SearchAction","target":{"@type":"EntryPoint","urlTemplate":"https:\/\/femstjerners.no\/website_c6139ab7\/?s={search_term_string}"},"query-input":{"@type":"PropertyValueSpecification","valueRequired":true,"valueName":"search_term_string"}}],"inLanguage":"en-US"}]}},"jetpack_sharing_enabled":true,"_links":{"self":[{"href":"https:\/\/femstjerners.no\/website_c6139ab7\/wp-json\/wp\/v2\/pages\/12","targetHints":{"allow":["GET"]}}],"collection":[{"href":"https:\/\/femstjerners.no\/website_c6139ab7\/wp-json\/wp\/v2\/pages"}],"about":[{"href":"https:\/\/femstjerners.no\/website_c6139ab7\/wp-json\/wp\/v2\/types\/page"}],"author":[{"embeddable":true,"href":"https:\/\/femstjerners.no\/website_c6139ab7\/wp-json\/wp\/v2\/users\/1"}],"replies":[{"embeddable":true,"href":"https:\/\/femstjerners.no\/website_c6139ab7\/wp-json\/wp\/v2\/comments?post=12"}],"version-history":[{"count":5,"href":"https:\/\/femstjerners.no\/website_c6139ab7\/wp-json\/wp\/v2\/pages\/12\/revisions"}],"predecessor-version":[{"id":553,"href":"https:\/\/femstjerners.no\/website_c6139ab7\/wp-json\/wp\/v2\/pages\/12\/revisions\/553"}],"up":[{"embeddable":true,"href":"https:\/\/femstjerners.no\/website_c6139ab7\/wp-json\/wp\/v2\/pages\/10"}],"wp:attachment":[{"href":"https:\/\/femstjerners.no\/website_c6139ab7\/wp-json\/wp\/v2\/media?parent=12"}],"curies":[{"name":"wp","href":"https:\/\/api.w.org\/{rel}","templated":true}]}}