{"id":113,"date":"2024-08-16T08:15:59","date_gmt":"2024-08-16T08:15:59","guid":{"rendered":"https:\/\/femstjerners.no\/website_c6139ab7\/?page_id=113"},"modified":"2024-08-28T08:42:40","modified_gmt":"2024-08-28T08:42:40","slug":"byggvask","status":"publish","type":"page","link":"https:\/\/femstjerners.no\/website_c6139ab7\/byggvask\/","title":{"rendered":"Byggvask"},"content":{"rendered":"<p>[et_pb_section fb_built=&#8221;1&#8243; admin_label=&#8221;Hero&#8221; _builder_version=&#8221;4.27.0&#8243; _module_preset=&#8221;default&#8221; background_enable_color=&#8221;off&#8221; background_enable_image=&#8221;off&#8221; background_enable_mask_style=&#8221;on&#8221; background_mask_style=&#8221;triangles&#8221; custom_padding=&#8221;3vw||0vw||false|false&#8221; locked=&#8221;off&#8221; collapsed=&#8221;on&#8221; global_colors_info=&#8221;{%22#57cc99%22:%91%22background_color%22%93}&#8221;][et_pb_row column_structure=&#8221;1_2,1_2&#8243; _builder_version=&#8221;4.27.0&#8243; _module_preset=&#8221;5138c454-be54-4233-bd3b-f8e6a8747976&#8243; custom_margin=&#8221;|auto|||false|false&#8221; locked=&#8221;off&#8221; global_colors_info=&#8221;{}&#8221;][et_pb_column type=&#8221;1_2&#8243; _builder_version=&#8221;4.23.1&#8243; _module_preset=&#8221;73121f80-a3ef-4484-8763-c3f18e3c56d2&#8243; global_colors_info=&#8221;{}&#8221;][et_pb_heading title=&#8221;Byggvask og renhold til byggeplasser&#8221; _builder_version=&#8221;4.27.0&#8243; _module_preset=&#8221;ddeb8c09-9078-4424-bc15-2efb6572e28e&#8221; title_font=&#8221;Nokora|Abril Fatface_weight|||||||&#8221; title_text_color=&#8221;#111111&#8243; locked=&#8221;off&#8221; global_colors_info=&#8221;{}&#8221;][\/et_pb_heading][et_pb_text _builder_version=&#8221;4.27.0&#8243; _module_preset=&#8221;default&#8221; text_font_size=&#8221;23px&#8221; global_colors_info=&#8221;{}&#8221;]<\/p>\n<p>Hvorfor bruke oss?<\/p>\n<ul>\n<li>Profesjonelt maskinparkutstyr for slike tjenester<\/li>\n<li>Offentlig Godkjent Renholdsfirma<\/li>\n<li>Gode priser<\/li>\n<li>100 % forn\u00f8yd-garanti<\/li>\n<li>RTB Filosofi<\/li>\n<\/ul>\n<ul>\n<li>Byggrenholdet er aldri en forsinkende faktor i forhold til overleveringstidspunkt<\/li>\n<\/ul>\n<p>Dere har behovet og vi kan tilby hjelpen.<\/p>\n<p>[\/et_pb_text][\/et_pb_column][et_pb_column type=&#8221;1_2&#8243; _builder_version=&#8221;4.23.1&#8243; _module_preset=&#8221;73121f80-a3ef-4484-8763-c3f18e3c56d2&#8243; global_colors_info=&#8221;{}&#8221;][et_pb_image src=&#8221;https:\/\/femstjerners.no\/website_c6139ab7\/wp-content\/uploads\/2024\/08\/Femstjerners-byggvsk.jpg&#8221; title_text=&#8221;Femstjerners-byggvsk&#8221; _builder_version=&#8221;4.27.0&#8243; _module_preset=&#8221;default&#8221; global_colors_info=&#8221;{}&#8221;][\/et_pb_image][et_pb_heading title=&#8221;Din p\u00e5litelige partner for renhold&#8221; _builder_version=&#8221;4.27.0&#8243; _module_preset=&#8221;f0c675ea-2574-4d0e-b725-30f8550a8550&#8243; title_font=&#8221;Poppins|Abril Fatface_weight||on|||||&#8221; title_text_color=&#8221;#22577a&#8221; locked=&#8221;off&#8221; global_colors_info=&#8221;{%22#22577a%22:%91%22title_text_color%22%93}&#8221;][\/et_pb_heading][et_pb_image src=&#8221;https:\/\/femstjerners.no\/website_c6139ab7\/wp-content\/uploads\/2024\/08\/Byggvask.jpeg&#8221; title_text=&#8221;Byggvask&#8221; _builder_version=&#8221;4.27.0&#8243; _module_preset=&#8221;default&#8221; global_colors_info=&#8221;{}&#8221;][\/et_pb_image][\/et_pb_column][\/et_pb_row][\/et_pb_section][et_pb_section fb_built=&#8221;1&#8243; _builder_version=&#8221;4.27.0&#8243; _module_preset=&#8221;default&#8221; global_colors_info=&#8221;{}&#8221;][et_pb_row _builder_version=&#8221;4.27.0&#8243; _module_preset=&#8221;default&#8221; background_enable_color=&#8221;off&#8221; module_alignment=&#8221;center&#8221; custom_margin=&#8221;0px||||false|false&#8221; custom_padding=&#8221;0px|0px|0px|0px|false|false&#8221; border_color_left=&#8221;#E02B20&#8243; global_colors_info=&#8221;{}&#8221;][et_pb_column type=&#8221;4_4&#8243; _builder_version=&#8221;4.27.0&#8243; _module_preset=&#8221;default&#8221; background_enable_color=&#8221;off&#8221; global_colors_info=&#8221;{}&#8221;][et_pb_text _builder_version=&#8221;4.27.0&#8243; _module_preset=&#8221;default&#8221; text_font_size=&#8221;21px&#8221; custom_margin=&#8221;|0px||0px|false|false&#8221; custom_padding=&#8221;|2px||17px|false|false&#8221; border_width_left=&#8221;8px&#8221; border_color_left=&#8221;#0C71C3&#8243; global_colors_info=&#8221;{}&#8221;]<\/p>\n<p style=\"text-align: left;\">Rent T\u00f8rt Bygg-filosofien er en veiledning for forebyggende helsevern og et effektivt middel i kampen mot fukt, forurensning og et d\u00e5rlig arbeidsmilj\u00f8. M\u00e5let med denne filosofien er \u00e5 oppn\u00e5 best mulig inneklima i ferdige bygg. Vi anvender Rent T\u00f8rt Bygg-filosofien n\u00e5r vi utf\u00f8rer byggvask. Denne tiln\u00e6rmingen hjelper oss med \u00e5 skape bedre byggeplasser, som igjen f\u00f8rer til f\u00e6rre feil, redusert sykefrav\u00e6r, \u00f8kt effektivitet og lavere driftskostnader. Hos Fem Stjerners Renhold planlegger og gjennomf\u00f8rer vi prosjektene v\u00e5re i henhold til denne filosofien. Vi s\u00f8rger for at renholdskvaliteten og metodene vi bruker, f\u00f8lger Rent T\u00f8rt Bygg-standarden, slik at det er rent og t\u00f8rt gjennom hele byggeperioden. Dette inneb\u00e6rer blant annet kontinuerlig rydding og fjerning av overfl\u00f8dige materialer, ingen lagring av materialer, og et strengt forbud mot bruk av feiekost. Ved \u00e5 f\u00f8lge de reglene som er knyttet til denne filosofien, sikrer vi det absolutt beste inneklimaet mulig.<\/p>\n<p>[\/et_pb_text][\/et_pb_column][\/et_pb_row][\/et_pb_section][et_pb_section fb_built=&#8221;1&#8243; admin_label=&#8221;Services&#8221; _builder_version=&#8221;4.17.6&#8243; _module_preset=&#8221;default&#8221; collapsed=&#8221;on&#8221; global_colors_info=&#8221;{}&#8221;][et_pb_row _builder_version=&#8221;4.17.6&#8243; _module_preset=&#8221;5138c454-be54-4233-bd3b-f8e6a8747976&#8243; global_colors_info=&#8221;{}&#8221;][et_pb_column type=&#8221;4_4&#8243; _builder_version=&#8221;4.17.3&#8243; _module_preset=&#8221;73121f80-a3ef-4484-8763-c3f18e3c56d2&#8243; global_colors_info=&#8221;{}&#8221;][et_pb_heading title=&#8221;V\u00e5re Tjenester&#8221; _builder_version=&#8221;4.27.0&#8243; _module_preset=&#8221;c33f07d9-41e0-421a-8799-5799df695cce&#8221; title_font=&#8221;Nokora|Abril Fatface_weight|||||||&#8221; title_text_align=&#8221;center&#8221; title_text_color=&#8221;#111111&#8243; locked=&#8221;off&#8221; global_colors_info=&#8221;{}&#8221;][\/et_pb_heading][\/et_pb_column][\/et_pb_row][et_pb_row column_structure=&#8221;1_4,1_4,1_4,1_4&#8243; _builder_version=&#8221;4.24.2&#8243; _module_preset=&#8221;5138c454-be54-4233-bd3b-f8e6a8747976&#8243; global_colors_info=&#8221;{}&#8221;][et_pb_column type=&#8221;1_4&#8243; _builder_version=&#8221;4.17.6&#8243; _module_preset=&#8221;73121f80-a3ef-4484-8763-c3f18e3c56d2&#8243; box_shadow_style=&#8221;preset1&#8243; box_shadow_vertical=&#8221;30px&#8221; box_shadow_blur=&#8221;80px&#8221; box_shadow_spread=&#8221;-20px&#8221; box_shadow_color=&#8221;RGBA(255,255,255,0)&#8221; box_shadow_color_last_edited=&#8221;off|desktop&#8221; global_colors_info=&#8221;{}&#8221; box_shadow_color__hover_enabled=&#8221;on|hover&#8221; box_shadow_color__hover=&#8221;rgba(0,0,0,0.2)&#8221;][et_pb_blurb title=&#8221;Kontorvask&#8221; use_icon=&#8221;on&#8221; font_icon=&#8221;&#xe012;||divi||400&#8243; icon_color=&#8221;#57cc99&#8243; icon_alignment=&#8221;center&#8221; _builder_version=&#8221;4.24.3&#8243; _module_preset=&#8221;212b201d-2c34-41bd-936c-851b7357d08b&#8221; header_font=&#8221;Abril Fatface|Abril Fatface_weight|||||||&#8221; header_text_color=&#8221;#111111&#8243; body_font=&#8221;Poppins|Poppins_weight|||||||&#8221; body_text_color=&#8221;rgba(0,0,0,0.64)&#8221; background_mask_style=&#8221;triangles&#8221; text_orientation=&#8221;center&#8221; locked=&#8221;off&#8221; global_colors_info=&#8221;{%22#3c3a47%22:%91%22body_text_color%22,%22body_text_color%22%93,%22#0e0c19%22:%91%22header_text_color%22,%22header_text_color%22%93,%22#57cc99%22:%91%22icon_color%22%93}&#8221;]<\/p>\n<p>Vi tilbyr grundig og effektiv kontorvask for \u00e5 sikre et rent og produktivt arbeidsmilj\u00f8. V\u00e5rt team tilpasser seg dine behov og tidsplaner.<\/p>\n<p>[\/et_pb_blurb][\/et_pb_column][et_pb_column type=&#8221;1_4&#8243; _builder_version=&#8221;4.17.6&#8243; _module_preset=&#8221;73121f80-a3ef-4484-8763-c3f18e3c56d2&#8243; box_shadow_style=&#8221;preset1&#8243; box_shadow_vertical=&#8221;30px&#8221; box_shadow_blur=&#8221;80px&#8221; box_shadow_spread=&#8221;-20px&#8221; box_shadow_color=&#8221;RGBA(255,255,255,0)&#8221; box_shadow_color_last_edited=&#8221;off|desktop&#8221; global_colors_info=&#8221;{}&#8221; box_shadow_color__hover_enabled=&#8221;on|hover&#8221; box_shadow_color__hover=&#8221;rgba(0,0,0,0.2)&#8221;][et_pb_blurb title=&#8221;Byggvask&#8221; use_icon=&#8221;on&#8221; font_icon=&#8221;&#xf6d9;||fa||900&#8243; icon_color=&#8221;#57cc99&#8243; icon_alignment=&#8221;center&#8221; _builder_version=&#8221;4.24.3&#8243; _module_preset=&#8221;212b201d-2c34-41bd-936c-851b7357d08b&#8221; header_font=&#8221;Abril Fatface|Abril Fatface_weight|||||||&#8221; header_text_color=&#8221;#111111&#8243; body_font=&#8221;Poppins|Poppins_weight|||||||&#8221; body_text_color=&#8221;rgba(0,0,0,0.64)&#8221; background_mask_style=&#8221;triangles&#8221; text_orientation=&#8221;center&#8221; locked=&#8221;off&#8221; global_colors_info=&#8221;{%22#3c3a47%22:%91%22body_text_color%22,%22body_text_color%22%93,%22#0e0c19%22:%91%22header_text_color%22,%22header_text_color%22%93,%22#57cc99%22:%91%22icon_color%22%93}&#8221;]<\/p>\n<p>V\u00e5re spesialister i byggvask s\u00f8rger for at byggeplasser er rene og trygge, b\u00e5de under og etter byggeprosjekter. Vi h\u00e5ndterer alt fra grovrengj\u00f8ring til finpuss.<\/p>\n<p>[\/et_pb_blurb][\/et_pb_column][et_pb_column type=&#8221;1_4&#8243; _builder_version=&#8221;4.17.6&#8243; _module_preset=&#8221;73121f80-a3ef-4484-8763-c3f18e3c56d2&#8243; box_shadow_style=&#8221;preset1&#8243; box_shadow_vertical=&#8221;30px&#8221; box_shadow_blur=&#8221;80px&#8221; box_shadow_spread=&#8221;-20px&#8221; box_shadow_color=&#8221;RGBA(255,255,255,0)&#8221; box_shadow_color_last_edited=&#8221;off|desktop&#8221; global_colors_info=&#8221;{}&#8221; box_shadow_color__hover_enabled=&#8221;on|hover&#8221; box_shadow_color__hover=&#8221;rgba(0,0,0,0.2)&#8221;][et_pb_blurb title=&#8221;Lagervask&#8221; use_icon=&#8221;on&#8221; font_icon=&#8221;&#xf494;||fa||900&#8243; icon_color=&#8221;#57cc99&#8243; icon_alignment=&#8221;center&#8221; _builder_version=&#8221;4.24.3&#8243; _module_preset=&#8221;212b201d-2c34-41bd-936c-851b7357d08b&#8221; header_font=&#8221;Abril Fatface|Abril Fatface_weight|||||||&#8221; header_text_color=&#8221;#111111&#8243; body_font=&#8221;Poppins|Poppins_weight|||||||&#8221; body_text_color=&#8221;rgba(0,0,0,0.64)&#8221; background_mask_style=&#8221;triangles&#8221; text_orientation=&#8221;center&#8221; locked=&#8221;off&#8221; global_colors_info=&#8221;{%22#3c3a47%22:%91%22body_text_color%22,%22body_text_color%22%93,%22#0e0c19%22:%91%22header_text_color%22,%22header_text_color%22%93,%22#57cc99%22:%91%22icon_color%22%93}&#8221;]<\/p>\n<p>Lagervask er viktig for \u00e5 opprettholde et hygienisk og organisert lager. Vi tilbyr skreddersydde l\u00f8sninger for \u00e5 holde dine lagerlokaler i topp stand.<\/p>\n<p>[\/et_pb_blurb][\/et_pb_column][et_pb_column type=&#8221;1_4&#8243; _builder_version=&#8221;4.17.6&#8243; _module_preset=&#8221;73121f80-a3ef-4484-8763-c3f18e3c56d2&#8243; box_shadow_style=&#8221;preset1&#8243; box_shadow_vertical=&#8221;30px&#8221; box_shadow_blur=&#8221;80px&#8221; box_shadow_spread=&#8221;-20px&#8221; box_shadow_color=&#8221;RGBA(255,255,255,0)&#8221; box_shadow_color_last_edited=&#8221;off|desktop&#8221; global_colors_info=&#8221;{}&#8221; box_shadow_color__hover_enabled=&#8221;on|hover&#8221; box_shadow_color__hover=&#8221;rgba(0,0,0,0.2)&#8221;][et_pb_blurb title=&#8221;Brakkevask&#8221; use_icon=&#8221;on&#8221; font_icon=&#8221;&#xe065;||fa||900&#8243; icon_color=&#8221;#57cc99&#8243; icon_alignment=&#8221;center&#8221; _builder_version=&#8221;4.24.3&#8243; _module_preset=&#8221;212b201d-2c34-41bd-936c-851b7357d08b&#8221; header_font=&#8221;Abril Fatface|Abril Fatface_weight|||||||&#8221; header_text_color=&#8221;#111111&#8243; body_font=&#8221;Poppins|Poppins_weight|||||||&#8221; body_text_color=&#8221;rgba(0,0,0,0.64)&#8221; background_mask_style=&#8221;triangles&#8221; text_orientation=&#8221;center&#8221; locked=&#8221;off&#8221; global_colors_info=&#8221;{%22#3c3a47%22:%91%22body_text_color%22,%22body_text_color%22%93,%22#0e0c19%22:%91%22header_text_color%22,%22header_text_color%22%93,%22#57cc99%22:%91%22icon_color%22%93}&#8221;]<\/p>\n<p>Vi s\u00f8rger for at brakker og midlertidige bygg er rene og komfortable for de som bruker dem. V\u00e5rt team er raskt og effektivt, og tilpasser seg dine behov.<\/p>\n<p>[\/et_pb_blurb][\/et_pb_column][\/et_pb_row][\/et_pb_section][et_pb_section fb_built=&#8221;1&#8243; admin_label=&#8221;Contact Info&#8221; _builder_version=&#8221;4.25.1&#8243; _module_preset=&#8221;default&#8221; collapsed=&#8221;on&#8221; global_colors_info=&#8221;{}&#8221;][et_pb_row column_structure=&#8221;1_2,1_2&#8243; make_equal=&#8221;on&#8221; _builder_version=&#8221;4.25.1&#8243; _module_preset=&#8221;default&#8221; global_colors_info=&#8221;{}&#8221;][et_pb_column type=&#8221;1_2&#8243; _builder_version=&#8221;4.25.1&#8243; _module_preset=&#8221;50607da8-57bc-4d4b-aaef-f02e41c2cc4a&#8221; global_colors_info=&#8221;{}&#8221;][et_pb_blurb title=&#8221;TELEFON&#8221; icon_alignment=&#8221;center&#8221; module_class=&#8221;ai_ignore_all&#8221; _builder_version=&#8221;4.27.0&#8243; _module_preset=&#8221;212b201d-2c34-41bd-936c-851b7357d08b&#8221; header_font=&#8221;Abril Fatface|Abril Fatface_weight|||||||&#8221; header_text_color=&#8221;#111111&#8243; body_font=&#8221;Poppins|Poppins_weight|||||||&#8221; body_text_color=&#8221;rgba(0,0,0,0.64)&#8221; background_mask_style=&#8221;triangles&#8221; text_orientation=&#8221;center&#8221; global_colors_info=&#8221;{}&#8221;]<\/p>\n<p>940 777 88<\/p>\n<p>[\/et_pb_blurb][\/et_pb_column][et_pb_column type=&#8221;1_2&#8243; _builder_version=&#8221;4.25.1&#8243; _module_preset=&#8221;50607da8-57bc-4d4b-aaef-f02e41c2cc4a&#8221; global_colors_info=&#8221;{}&#8221;][et_pb_blurb title=&#8221;EPOST&#8221; icon_alignment=&#8221;center&#8221; module_class=&#8221;ai_ignore_all&#8221; _builder_version=&#8221;4.27.0&#8243; _module_preset=&#8221;212b201d-2c34-41bd-936c-851b7357d08b&#8221; header_font=&#8221;Abril Fatface|Abril Fatface_weight|||||||&#8221; header_text_color=&#8221;#111111&#8243; body_font=&#8221;Poppins|Poppins_weight|||||||&#8221; body_text_color=&#8221;rgba(0,0,0,0.64)&#8221; background_mask_style=&#8221;triangles&#8221; text_orientation=&#8221;center&#8221; locked=&#8221;off&#8221; global_colors_info=&#8221;{}&#8221;]<\/p>\n<p>kundeservice@femstjerners.no<\/p>\n<p>[\/et_pb_blurb][\/et_pb_column][\/et_pb_row][\/et_pb_section][et_pb_section fb_built=&#8221;1&#8243; admin_label=&#8221;Call to Action&#8221; _builder_version=&#8221;4.23.1&#8243; _module_preset=&#8221;default&#8221; locked=&#8221;off&#8221; collapsed=&#8221;on&#8221; global_colors_info=&#8221;{}&#8221;][et_pb_row _builder_version=&#8221;4.24.3&#8243; _module_preset=&#8221;5138c454-be54-4233-bd3b-f8e6a8747976&#8243; global_colors_info=&#8221;{}&#8221;][et_pb_column type=&#8221;4_4&#8243; _builder_version=&#8221;4.18.0&#8243; _module_preset=&#8221;73121f80-a3ef-4484-8763-c3f18e3c56d2&#8243; global_colors_info=&#8221;{}&#8221;][et_pb_cta title=&#8221;Kontakt oss for et tilbud&#8221; button_url=&#8221;#&#8221; button_text=&#8221;F\u00e5 et tilbud&#8221; _builder_version=&#8221;4.27.0&#8243; _module_preset=&#8221;4c2ad5d0-871e-414e-a4be-aa9134d4ae8e&#8221; header_font=&#8221;Abril Fatface|Abril Fatface_weight|||||||&#8221; header_text_color=&#8221;#FFFFFF&#8221; body_font=&#8221;Poppins||||||||&#8221; body_text_color=&#8221;#FFFFFF&#8221; background_color=&#8221;#22577a&#8221; use_background_color_gradient=&#8221;on&#8221; background_color_gradient_direction=&#8221;65deg&#8221; background_color_gradient_stops=&#8221;#000000 0%|rgba(255,255,255,0) 100%&#8221; background_color_gradient_overlays_image=&#8221;on&#8221; background_enable_image=&#8221;off&#8221; button_text_color=&#8221;#57cc99&#8243; button_bg_color=&#8221;#FFFFFF&#8221; button_font=&#8221;Poppins|700|||||||&#8221; custom_padding=&#8221;58px|60px|58px|60px|true|true&#8221; custom_padding_tablet=&#8221;30px|30px|30px|30px|true|true&#8221; custom_padding_phone=&#8221;20px|20px|20px|20px|true|true&#8221; custom_padding_last_edited=&#8221;on|desktop&#8221; locked=&#8221;off&#8221; global_colors_info=&#8221;{%22#0e0c19%22:%91%22header_text_color%22,%22header_text_color%22%93,%22gcid-36fd78a7-34bc-404d-873c-dafa34efaae5%22:%91%22color%22%93,%22gcid-7cadd8b3-5228-48e4-90c4-212d09232f7b%22:%91%22header_text_color%22,%22header_text_color%22,%22color%22,%22color%22,%22color%22,%22color%22%93,%22#22577a%22:%91%22button_bg_color%22,%22button_bg_color%22,%22background_color%22%93,%22#3c3a47%22:%91%22body_text_color%22,%22body_text_color%22%93,%22gcid-f113ad93-2527-46d7-862b-fc71181c6b5e%22:%91%22border_color_all%22,%22border_color_all%22%93,%22#57cc99%22:%91%22button_text_color%22%93}&#8221; text_font_size_tablet=&#8221;16px&#8221; text_font_size_phone=&#8221;14px&#8221; text_font_size_last_edited=&#8221;on|phone&#8221;]<\/p>\n<p>\u00d8nsker du \u00e5 l\u00e6re mer om v\u00e5re renholdstjenester? Ta kontakt med oss i dag for et uforpliktende tilbud!<\/p>\n<p>[\/et_pb_cta][\/et_pb_column][\/et_pb_row][\/et_pb_section]<\/p>\n","protected":false},"excerpt":{"rendered":"<p>Hvorfor bruke oss? Profesjonelt maskinparkutstyr for slike tjenester Offentlig Godkjent Renholdsfirma Gode priser 100 % forn\u00f8yd-garanti RTB Filosofi Byggrenholdet er aldri en forsinkende faktor i forhold til overleveringstidspunkt Dere har behovet og vi kan tilby hjelpen.Rent T\u00f8rt Bygg-filosofien er en veiledning for forebyggende helsevern og et effektivt middel i kampen mot fukt, forurensning og et [&hellip;]<\/p>\n","protected":false},"author":1,"featured_media":0,"parent":0,"menu_order":0,"comment_status":"closed","ping_status":"closed","template":"","meta":{"nf_dc_page":"","_et_pb_use_builder":"on","_et_pb_old_content":"","_et_gb_content_width":"","om_disable_all_campaigns":false,"_monsterinsights_skip_tracking":false,"_monsterinsights_sitenote_active":false,"_monsterinsights_sitenote_note":"","_monsterinsights_sitenote_category":0,"footnotes":""},"class_list":["post-113","page","type-page","status-publish","hentry"],"yoast_head":"<!-- This site is optimized with the Yoast SEO plugin v27.6 - https:\/\/yoast.com\/product\/yoast-seo-wordpress\/ -->\n<title>Byggvask - FEM STJERNERS RENHOLD AS<\/title>\n<meta name=\"robots\" content=\"index, follow, max-snippet:-1, max-image-preview:large, max-video-preview:-1\" \/>\n<link rel=\"canonical\" href=\"https:\/\/femstjerners.no\/website_c6139ab7\/byggvask\/\" \/>\n<meta property=\"og:locale\" content=\"en_US\" \/>\n<meta property=\"og:type\" content=\"article\" \/>\n<meta property=\"og:title\" content=\"Byggvask - FEM STJERNERS RENHOLD AS\" \/>\n<meta property=\"og:description\" content=\"Hvorfor bruke oss? Profesjonelt maskinparkutstyr for slike tjenester Offentlig Godkjent Renholdsfirma Gode priser 100 % forn\u00f8yd-garanti RTB Filosofi Byggrenholdet er aldri en forsinkende faktor i forhold til overleveringstidspunkt Dere har behovet og vi kan tilby hjelpen.Rent T\u00f8rt Bygg-filosofien er en veiledning for forebyggende helsevern og et effektivt middel i kampen mot fukt, forurensning og et [&hellip;]\" \/>\n<meta property=\"og:url\" content=\"https:\/\/femstjerners.no\/website_c6139ab7\/byggvask\/\" \/>\n<meta property=\"og:site_name\" content=\"FEM STJERNERS RENHOLD AS\" \/>\n<meta property=\"article:modified_time\" content=\"2024-08-28T08:42:40+00:00\" \/>\n<meta name=\"twitter:card\" content=\"summary_large_image\" \/>\n<script type=\"application\/ld+json\" class=\"yoast-schema-graph\">{\"@context\":\"https:\\\/\\\/schema.org\",\"@graph\":[{\"@type\":\"WebPage\",\"@id\":\"https:\\\/\\\/femstjerners.no\\\/website_c6139ab7\\\/byggvask\\\/\",\"url\":\"https:\\\/\\\/femstjerners.no\\\/website_c6139ab7\\\/byggvask\\\/\",\"name\":\"Byggvask - FEM STJERNERS RENHOLD AS\",\"isPartOf\":{\"@id\":\"https:\\\/\\\/femstjerners.no\\\/website_c6139ab7\\\/#website\"},\"datePublished\":\"2024-08-16T08:15:59+00:00\",\"dateModified\":\"2024-08-28T08:42:40+00:00\",\"breadcrumb\":{\"@id\":\"https:\\\/\\\/femstjerners.no\\\/website_c6139ab7\\\/byggvask\\\/#breadcrumb\"},\"inLanguage\":\"en-US\",\"potentialAction\":[{\"@type\":\"ReadAction\",\"target\":[\"https:\\\/\\\/femstjerners.no\\\/website_c6139ab7\\\/byggvask\\\/\"]}]},{\"@type\":\"BreadcrumbList\",\"@id\":\"https:\\\/\\\/femstjerners.no\\\/website_c6139ab7\\\/byggvask\\\/#breadcrumb\",\"itemListElement\":[{\"@type\":\"ListItem\",\"position\":1,\"name\":\"Home\",\"item\":\"https:\\\/\\\/femstjerners.no\\\/website_c6139ab7\\\/\"},{\"@type\":\"ListItem\",\"position\":2,\"name\":\"Byggvask\"}]},{\"@type\":\"WebSite\",\"@id\":\"https:\\\/\\\/femstjerners.no\\\/website_c6139ab7\\\/#website\",\"url\":\"https:\\\/\\\/femstjerners.no\\\/website_c6139ab7\\\/\",\"name\":\"FEM STJERNERS RENHOLD AS\",\"description\":\"Leverand\u00f8r av renholdstjenester\",\"potentialAction\":[{\"@type\":\"SearchAction\",\"target\":{\"@type\":\"EntryPoint\",\"urlTemplate\":\"https:\\\/\\\/femstjerners.no\\\/website_c6139ab7\\\/?s={search_term_string}\"},\"query-input\":{\"@type\":\"PropertyValueSpecification\",\"valueRequired\":true,\"valueName\":\"search_term_string\"}}],\"inLanguage\":\"en-US\"}]}<\/script>\n<!-- \/ Yoast SEO plugin. -->","yoast_head_json":{"title":"Byggvask - FEM STJERNERS RENHOLD AS","robots":{"index":"index","follow":"follow","max-snippet":"max-snippet:-1","max-image-preview":"max-image-preview:large","max-video-preview":"max-video-preview:-1"},"canonical":"https:\/\/femstjerners.no\/website_c6139ab7\/byggvask\/","og_locale":"en_US","og_type":"article","og_title":"Byggvask - FEM STJERNERS RENHOLD AS","og_description":"Hvorfor bruke oss? Profesjonelt maskinparkutstyr for slike tjenester Offentlig Godkjent Renholdsfirma Gode priser 100 % forn\u00f8yd-garanti RTB Filosofi Byggrenholdet er aldri en forsinkende faktor i forhold til overleveringstidspunkt Dere har behovet og vi kan tilby hjelpen.Rent T\u00f8rt Bygg-filosofien er en veiledning for forebyggende helsevern og et effektivt middel i kampen mot fukt, forurensning og et [&hellip;]","og_url":"https:\/\/femstjerners.no\/website_c6139ab7\/byggvask\/","og_site_name":"FEM STJERNERS RENHOLD AS","article_modified_time":"2024-08-28T08:42:40+00:00","twitter_card":"summary_large_image","schema":{"@context":"https:\/\/schema.org","@graph":[{"@type":"WebPage","@id":"https:\/\/femstjerners.no\/website_c6139ab7\/byggvask\/","url":"https:\/\/femstjerners.no\/website_c6139ab7\/byggvask\/","name":"Byggvask - FEM STJERNERS RENHOLD AS","isPartOf":{"@id":"https:\/\/femstjerners.no\/website_c6139ab7\/#website"},"datePublished":"2024-08-16T08:15:59+00:00","dateModified":"2024-08-28T08:42:40+00:00","breadcrumb":{"@id":"https:\/\/femstjerners.no\/website_c6139ab7\/byggvask\/#breadcrumb"},"inLanguage":"en-US","potentialAction":[{"@type":"ReadAction","target":["https:\/\/femstjerners.no\/website_c6139ab7\/byggvask\/"]}]},{"@type":"BreadcrumbList","@id":"https:\/\/femstjerners.no\/website_c6139ab7\/byggvask\/#breadcrumb","itemListElement":[{"@type":"ListItem","position":1,"name":"Home","item":"https:\/\/femstjerners.no\/website_c6139ab7\/"},{"@type":"ListItem","position":2,"name":"Byggvask"}]},{"@type":"WebSite","@id":"https:\/\/femstjerners.no\/website_c6139ab7\/#website","url":"https:\/\/femstjerners.no\/website_c6139ab7\/","name":"FEM STJERNERS RENHOLD AS","description":"Leverand\u00f8r av renholdstjenester","potentialAction":[{"@type":"SearchAction","target":{"@type":"EntryPoint","urlTemplate":"https:\/\/femstjerners.no\/website_c6139ab7\/?s={search_term_string}"},"query-input":{"@type":"PropertyValueSpecification","valueRequired":true,"valueName":"search_term_string"}}],"inLanguage":"en-US"}]}},"jetpack_sharing_enabled":true,"_links":{"self":[{"href":"https:\/\/femstjerners.no\/website_c6139ab7\/wp-json\/wp\/v2\/pages\/113","targetHints":{"allow":["GET"]}}],"collection":[{"href":"https:\/\/femstjerners.no\/website_c6139ab7\/wp-json\/wp\/v2\/pages"}],"about":[{"href":"https:\/\/femstjerners.no\/website_c6139ab7\/wp-json\/wp\/v2\/types\/page"}],"author":[{"embeddable":true,"href":"https:\/\/femstjerners.no\/website_c6139ab7\/wp-json\/wp\/v2\/users\/1"}],"replies":[{"embeddable":true,"href":"https:\/\/femstjerners.no\/website_c6139ab7\/wp-json\/wp\/v2\/comments?post=113"}],"version-history":[{"count":5,"href":"https:\/\/femstjerners.no\/website_c6139ab7\/wp-json\/wp\/v2\/pages\/113\/revisions"}],"predecessor-version":[{"id":688,"href":"https:\/\/femstjerners.no\/website_c6139ab7\/wp-json\/wp\/v2\/pages\/113\/revisions\/688"}],"wp:attachment":[{"href":"https:\/\/femstjerners.no\/website_c6139ab7\/wp-json\/wp\/v2\/media?parent=113"}],"curies":[{"name":"wp","href":"https:\/\/api.w.org\/{rel}","templated":true}]}}